{"id":139,"date":"2024-10-18T09:24:04","date_gmt":"2024-10-18T07:24:04","guid":{"rendered":"https:\/\/lauftrainer-innsbruck.at\/?page_id=139"},"modified":"2024-10-18T09:24:05","modified_gmt":"2024-10-18T07:24:05","slug":"magazin-1-0","status":"publish","type":"page","link":"https:\/\/lauftrainer-innsbruck.at\/?page_id=139","title":{"rendered":"MAGAZIN 1.0"},"content":{"rendered":"\n<div class=\"wp-block-file\"><a id=\"wp-block-file--media-c69afe77-6388-40e6-acae-dce206c72b39\" href=\"https:\/\/lauftrainer-innsbruck.at\/wp-content\/uploads\/2024\/10\/Lauftrainer_Magazin.pdf\" target=\"_blank\" rel=\"noreferrer noopener\">Lauftrainer_Magazin<\/a><a href=\"https:\/\/lauftrainer-innsbruck.at\/wp-content\/uploads\/2024\/10\/Lauftrainer_Magazin.pdf\" class=\"wp-block-file__button wp-element-button\" download aria-describedby=\"wp-block-file--media-c69afe77-6388-40e6-acae-dce206c72b39\">Herunterladen<\/a><\/div>\n\n\n\n<p><\/p>\n\n\n\n<div class=\"wp-block-media-text is-stacked-on-mobile has-background\" style=\"background-color:#9c9b93\"><figure class=\"wp-block-media-text__media\"><img loading=\"lazy\" decoding=\"async\" width=\"814\" height=\"1158\" src=\"https:\/\/lauftrainer-innsbruck.at\/wp-content\/uploads\/2024\/10\/Cover.jpg\" alt=\"\" class=\"wp-image-141 size-full\" srcset=\"https:\/\/lauftrainer-innsbruck.at\/wp-content\/uploads\/2024\/10\/Cover.jpg 814w, https:\/\/lauftrainer-innsbruck.at\/wp-content\/uploads\/2024\/10\/Cover-211x300.jpg 211w, https:\/\/lauftrainer-innsbruck.at\/wp-content\/uploads\/2024\/10\/Cover-720x1024.jpg 720w, https:\/\/lauftrainer-innsbruck.at\/wp-content\/uploads\/2024\/10\/Cover-768x1093.jpg 768w\" sizes=\"auto, (max-width: 814px) 100vw, 814px\" \/><\/figure><div class=\"wp-block-media-text__content\">\n<p class=\"has-text-align-center has-normal-font-size\" id=\"Lauftrainer-Magazin\">In dieser Ausgabe habe ich spannende und informative Artikel rund um die Themen Fitness, gesunde Ern\u00e4hrung und Mitarbeitergesundheit zusammengestellt. <br>Erfahren Sie mehr \u00fcber innovative Trainingsans\u00e4tze, wertvolle Ern\u00e4hrungstipps und wie Sie das Wohlbefinden in Ihrem Unternehmen f\u00f6rdern k\u00f6nnen.<\/p>\n\n\n\n<p class=\"has-text-align-center has-normal-font-size\" id=\"Lauftrainer-Magazin\">Ich  lade Sie herzlich ein, einen Blick in das erste DIALEKT Magazin zu werfen und sich von den Inhalten inspirieren zu lassen. <br><br>Viel Freude beim Lesen!<\/p>\n<\/div><\/div>\n\n\n\n<p><\/p>\n","protected":false},"excerpt":{"rendered":"<p>In dieser Ausgabe habe ich spannende und informative Artikel rund um die Themen Fitness, gesunde Ern\u00e4hrung und Mitarbeitergesundheit zusammengestellt. Erfahren Sie mehr \u00fcber innovative Trainingsans\u00e4tze, &hellip;<\/p>\n","protected":false},"author":1,"featured_media":141,"parent":0,"menu_order":0,"comment_status":"closed","ping_status":"closed","template":"","meta":{"_monsterinsights_skip_tracking":false,"_monsterinsights_sitenote_active":false,"_monsterinsights_sitenote_note":"","_monsterinsights_sitenote_category":0,"footnotes":""},"class_list":["post-139","page","type-page","status-publish","has-post-thumbnail","hentry"],"aioseo_notices":[],"_links":{"self":[{"href":"https:\/\/lauftrainer-innsbruck.at\/index.php?rest_route=\/wp\/v2\/pages\/139","targetHints":{"allow":["GET"]}}],"collection":[{"href":"https:\/\/lauftrainer-innsbruck.at\/index.php?rest_route=\/wp\/v2\/pages"}],"about":[{"href":"https:\/\/lauftrainer-innsbruck.at\/index.php?rest_route=\/wp\/v2\/types\/page"}],"author":[{"embeddable":true,"href":"https:\/\/lauftrainer-innsbruck.at\/index.php?rest_route=\/wp\/v2\/users\/1"}],"replies":[{"embeddable":true,"href":"https:\/\/lauftrainer-innsbruck.at\/index.php?rest_route=%2Fwp%2Fv2%2Fcomments&post=139"}],"version-history":[{"count":2,"href":"https:\/\/lauftrainer-innsbruck.at\/index.php?rest_route=\/wp\/v2\/pages\/139\/revisions"}],"predecessor-version":[{"id":144,"href":"https:\/\/lauftrainer-innsbruck.at\/index.php?rest_route=\/wp\/v2\/pages\/139\/revisions\/144"}],"wp:featuredmedia":[{"embeddable":true,"href":"https:\/\/lauftrainer-innsbruck.at\/index.php?rest_route=\/wp\/v2\/media\/141"}],"wp:attachment":[{"href":"https:\/\/lauftrainer-innsbruck.at\/index.php?rest_route=%2Fwp%2Fv2%2Fmedia&parent=139"}],"curies":[{"name":"wp","href":"https:\/\/api.w.org\/{rel}","templated":true}]}}