{"id":3,"date":"2024-08-28T13:22:35","date_gmt":"2024-08-28T11:22:35","guid":{"rendered":"https:\/\/lauftrainer-innsbruck.at\/?page_id=3"},"modified":"2024-09-02T17:44:48","modified_gmt":"2024-09-02T15:44:48","slug":"datenschutzerklaerung","status":"publish","type":"page","link":"https:\/\/lauftrainer-innsbruck.at\/?page_id=3","title":{"rendered":"Datenschutzerkl\u00e4rung &amp; AGB\u00b4s"},"content":{"rendered":"\n<h2 class=\"wp-block-heading\"><em>Stand: <\/em>30.08.2024<\/h2>\n\n\n\n<h3 class=\"wp-block-heading\">1. Einleitung<\/h3>\n\n\n\n<p>Die Lauftrainer Innsbruck nehmen den Schutz Ihrer pers\u00f6nlichen Daten sehr ernst. Wir behandeln Ihre personenbezogenen Daten vertraulich und entsprechend der gesetzlichen Datenschutzvorschriften sowie dieser Datenschutzerkl\u00e4rung.<\/p>\n\n\n\n<h3 class=\"wp-block-heading\">2. Verantwortliche Stelle<\/h3>\n\n\n\n<p>Verantwortlich f\u00fcr die Verarbeitung Ihrer personenbezogenen Daten ist:<\/p>\n\n\n\n<p>Lauftrainer Innsbruck<br>Laura Pro\u00dfegger<br>Dorfplatz 4a, 6161 Natters<br>+43 6767272663<br>pro.writing.laura@gmail.com<\/p>\n\n\n\n<h3 class=\"wp-block-heading\">3. Erhebung und Speicherung personenbezogener Daten sowie Art und Zweck von deren Verwendung<\/h3>\n\n\n\n<h4 class=\"wp-block-heading\">a) Beim Besuch der Website<\/h4>\n\n\n\n<p>Beim Aufrufen unserer Website <a href=\"http:\/\/www.lauftrainer-innsbruck.at\">www.lauftrainer-innsbruck.at<\/a> werden durch den auf Ihrem Endger\u00e4t zum Einsatz kommenden Browser automatisch Informationen an den Server unserer Website gesendet. Diese Informationen werden tempor\u00e4r in einem sogenannten Logfile gespeichert. Folgende Informationen werden dabei ohne Ihr Zutun erfasst und bis zur automatisierten L\u00f6schung gespeichert:<\/p>\n\n\n\n<ul class=\"wp-block-list\">\n<li>IP-Adresse des anfragenden Rechners,<\/li>\n\n\n\n<li>Datum und Uhrzeit des Zugriffs,<\/li>\n\n\n\n<li>Name und URL der abgerufenen Datei,<\/li>\n\n\n\n<li>Website, von der aus der Zugriff erfolgt (Referrer-URL),<\/li>\n\n\n\n<li>verwendeter Browser und ggf. das Betriebssystem Ihres Rechners sowie der Name Ihres Access-Providers.<\/li>\n<\/ul>\n\n\n\n<p>Die genannten Daten werden durch uns zu folgenden Zwecken verarbeitet:<\/p>\n\n\n\n<ul class=\"wp-block-list\">\n<li>Gew\u00e4hrleistung eines reibungslosen Verbindungsaufbaus der Website,<\/li>\n\n\n\n<li>Gew\u00e4hrleistung einer komfortablen Nutzung unserer Website,<\/li>\n\n\n\n<li>Auswertung der Systemsicherheit und -stabilit\u00e4t sowie<\/li>\n\n\n\n<li>zu weiteren administrativen Zwecken.<\/li>\n<\/ul>\n\n\n\n<p>Die Rechtsgrundlage f\u00fcr die Datenverarbeitung ist Art. 6 Abs. 1 S. 1 lit. f DSGVO. Unser berechtigtes Interesse folgt aus oben aufgelisteten Zwecken zur Datenerhebung. In keinem Fall verwenden wir die erhobenen Daten zu dem Zweck, R\u00fcckschl\u00fcsse auf Ihre Person zu ziehen.<\/p>\n\n\n\n<h4 class=\"wp-block-heading\">b) Bei Nutzung unseres Kontaktformulars<\/h4>\n\n\n\n<p>Bei Fragen jeglicher Art bieten wir Ihnen die M\u00f6glichkeit, mit uns \u00fcber ein auf der Website bereitgestelltes Formular Kontakt aufzunehmen. Dabei ist die Angabe einer g\u00fcltigen E-Mail-Adresse erforderlich, damit wir wissen, von wem die Anfrage stammt und um diese beantworten zu k\u00f6nnen. Weitere Angaben k\u00f6nnen freiwillig get\u00e4tigt werden.<\/p>\n\n\n\n<p>Die Datenverarbeitung zum Zwecke der Kontaktaufnahme mit uns erfolgt nach Art. 6 Abs. 1 S. 1 lit. a DSGVO auf Grundlage Ihrer freiwillig erteilten Einwilligung.<\/p>\n\n\n\n<h3 class=\"wp-block-heading\">4. Weitergabe von Daten<\/h3>\n\n\n\n<p>Eine \u00dcbermittlung Ihrer pers\u00f6nlichen Daten an Dritte zu anderen als den im Folgenden aufgef\u00fchrten Zwecken findet nicht statt. Wir geben Ihre pers\u00f6nlichen Daten nur an Dritte weiter, wenn:<\/p>\n\n\n\n<ul class=\"wp-block-list\">\n<li>Sie Ihre ausdr\u00fcckliche Einwilligung dazu erteilt haben,<\/li>\n\n\n\n<li>die Weitergabe nach Art. 6 Abs. 1 S. 1 lit. f DSGVO zur Geltendmachung, Aus\u00fcbung oder Verteidigung von Rechtsanspr\u00fcchen erforderlich ist und kein Grund zur Annahme besteht, dass Sie ein \u00fcberwiegendes schutzw\u00fcrdiges Interesse an der Nichtweitergabe Ihrer Daten haben,<\/li>\n\n\n\n<li>f\u00fcr den Fall, dass f\u00fcr die Weitergabe nach Art. 6 Abs. 1 S. 1 lit. c DSGVO eine gesetzliche Verpflichtung besteht, sowie<\/li>\n\n\n\n<li>dies gesetzlich zul\u00e4ssig und nach Art. 6 Abs. 1 S. 1 lit. b DSGVO f\u00fcr die Abwicklung von Vertragsverh\u00e4ltnissen mit Ihnen erforderlich ist.<\/li>\n<\/ul>\n\n\n\n<h3 class=\"wp-block-heading\">5. Betroffenenrechte<\/h3>\n\n\n\n<p>Sie haben das Recht:<\/p>\n\n\n\n<ul class=\"wp-block-list\">\n<li>gem\u00e4\u00df Art. 15 DSGVO Auskunft \u00fcber Ihre von uns verarbeiteten personenbezogenen Daten zu verlangen.<\/li>\n\n\n\n<li>gem\u00e4\u00df Art. 16 DSGVO unverz\u00fcglich die Berichtigung unrichtiger oder Vervollst\u00e4ndigung Ihrer bei uns gespeicherten personenbezogenen Daten zu verlangen.<\/li>\n\n\n\n<li>gem\u00e4\u00df Art. 17 DSGVO die L\u00f6schung Ihrer bei uns gespeicherten personenbezogenen Daten zu verlangen.<\/li>\n\n\n\n<li>gem\u00e4\u00df Art. 18 DSGVO die Einschr\u00e4nkung der Verarbeitung Ihrer personenbezogenen Daten zu verlangen.<\/li>\n\n\n\n<li>gem\u00e4\u00df Art. 20 DSGVO Ihre personenbezogenen Daten, die Sie uns bereitgestellt haben, in einem strukturierten, g\u00e4ngigen und maschinenlesbaren Format zu erhalten oder die \u00dcbermittlung an einen anderen Verantwortlichen zu verlangen.<\/li>\n\n\n\n<li>gem\u00e4\u00df Art. 7 Abs. 3 DSGVO Ihre einmal erteilte Einwilligung jederzeit gegen\u00fcber uns zu widerrufen.<\/li>\n<\/ul>\n\n\n\n<h3 class=\"wp-block-heading\">6. Widerspruchsrecht<\/h3>\n\n\n\n<p>Sofern Ihre personenbezogenen Daten auf Grundlage von berechtigten Interessen gem\u00e4\u00df Art. 6 Abs. 1 S. 1 lit. f DSGVO verarbeitet werden, haben Sie das Recht, gem\u00e4\u00df Art. 21 DSGVO Widerspruch gegen die Verarbeitung Ihrer personenbezogenen Daten einzulegen, soweit daf\u00fcr Gr\u00fcnde vorliegen, die sich aus Ihrer besonderen Situation ergeben.<\/p>\n\n\n\n<h3 class=\"wp-block-heading\">7. Datensicherheit<\/h3>\n\n\n\n<p>Wir verwenden innerhalb des Website-Besuchs das verbreitete SSL-Verfahren (Secure Socket Layer) in Verbindung mit der jeweils h\u00f6chsten Verschl\u00fcsselungsstufe, die von Ihrem Browser unterst\u00fctzt wird.<\/p>\n\n\n\n<h3 class=\"wp-block-heading\">8. Aktualit\u00e4t und \u00c4nderung dieser Datenschutzerkl\u00e4rung<\/h3>\n\n\n\n<p>Diese Datenschutzerkl\u00e4rung ist aktuell g\u00fcltig und hat den Stand August 2024. Durch die Weiterentwicklung unserer Website und Angebote dar\u00fcber oder aufgrund ge\u00e4nderter gesetzlicher beziehungsweise beh\u00f6rdlicher Vorgaben kann es notwendig werden, diese Datenschutzerkl\u00e4rung zu \u00e4ndern.<\/p>\n\n\n\n<hr class=\"wp-block-separator has-alpha-channel-opacity\"\/>\n\n\n\n<p><strong>Allgemeine Gesch\u00e4ftsbedingungen (AGB) f\u00fcr Lauftrainer Innsbruck<\/strong><\/p>\n\n\n\n<p><em>Stand: <\/em>30.08.2024<\/p>\n\n\n\n<h3 class=\"wp-block-heading\">1. Geltungsbereich<\/h3>\n\n\n\n<p>Die nachstehenden Allgemeinen Gesch\u00e4ftsbedingungen (AGB) gelten f\u00fcr alle Vertr\u00e4ge, die mit Lauftrainer Innsbruck abgeschlossen werden. Abweichende Bedingungen des Kunden werden nicht anerkannt, es sei denn, Lauftrainer Innsbruck stimmt ihrer Geltung ausdr\u00fccklich schriftlich zu.<\/p>\n\n\n\n<h3 class=\"wp-block-heading\">2. Leistungen<\/h3>\n\n\n\n<p>Lauftrainer Innsbruck bietet Lauftrainings, Workshops und individuelle Coaching-Sitzungen an. Die genauen Inhalte und Modalit\u00e4ten der einzelnen Leistungen sind auf der Website beschrieben.<\/p>\n\n\n\n<h3 class=\"wp-block-heading\">3. Vertragsschluss<\/h3>\n\n\n\n<p>Ein Vertrag kommt zustande, indem der Kunde eine Anfrage \u00fcber die Website stellt und Lauftrainer Innsbruck diese Anfrage per E-Mail best\u00e4tigt. Lauftrainer Innsbruck beh\u00e4lt sich das Recht vor, Anfragen abzulehnen.<\/p>\n\n\n\n<h3 class=\"wp-block-heading\">4. Preise und Zahlungsbedingungen<\/h3>\n\n\n\n<p>Die Zahlung erfolgt per Bank\u00fcberweisung oder anderen angebotenen Zahlungsmethoden. Die Zahlung ist sofort nach Rechnungsstellung ohne Abzug f\u00e4llig.<\/p>\n\n\n\n<h3 class=\"wp-block-heading\">5. Stornierungsbedingungen<\/h3>\n\n\n\n<p>Der Kunde kann die Buchung bis zu 24 Stunden vor dem vereinbarten Termin kostenfrei stornieren. Bei einer Stornierung innerhalb von 24 Stunden vor dem Termin oder bei Nichterscheinen wird der volle Preis in Rechnung gestellt.<\/p>\n\n\n\n<h3 class=\"wp-block-heading\">6. Haftung<\/h3>\n\n\n\n<p>Lauftrainer Innsbruck haftet f\u00fcr Sch\u00e4den, die durch vors\u00e4tzliche oder grob fahrl\u00e4ssige Pflichtverletzungen seitens Lauftrainer Innsbruck, ihrer gesetzlichen Vertreter oder Erf\u00fcllungsgehilfen verursacht werden. F\u00fcr einfache Fahrl\u00e4ssigkeit haftet Lauftrainer Innsbruck nur bei Verletzung wesentlicher Vertragspflichten.<\/p>\n\n\n\n<h3 class=\"wp-block-heading\">7. Datenschutz<\/h3>\n\n\n\n<p>Lauftrainer Innsbruck verpflichtet sich, die personenbezogenen Daten des Kunden gem\u00e4\u00df den geltenden Datenschutzbestimmungen zu sch\u00fctzen. Einzelheiten sind in der Datenschutzerkl\u00e4rung auf der Website enthalten.<\/p>\n\n\n\n<h3 class=\"wp-block-heading\">8. Schlussbestimmungen<\/h3>\n\n\n\n<p>Es gilt das Recht der Republik \u00d6sterreich. Erf\u00fcllungsort und Gerichtsstand ist Innsbruck, soweit der Kunde, juristische Person des \u00f6ffentlichen Rechts oder \u00f6ffentlich-rechtliches Sonderverm\u00f6gen ist. Sollten einzelne Bestimmungen dieser AGB unwirksam sein oder werden, so bleibt die Wirksamkeit der \u00fcbrigen Bestimmungen unber\u00fchrt.<\/p>\n","protected":false},"excerpt":{"rendered":"<p>Stand: 30.08.2024 1. Einleitung Die Lauftrainer Innsbruck nehmen den Schutz Ihrer pers\u00f6nlichen Daten sehr ernst. Wir behandeln Ihre personenbezogenen Daten vertraulich und entsprechend der gesetzlichen &hellip;<\/p>\n","protected":false},"author":1,"featured_media":0,"parent":0,"menu_order":0,"comment_status":"closed","ping_status":"open","template":"","meta":{"_monsterinsights_skip_tracking":false,"_monsterinsights_sitenote_active":false,"_monsterinsights_sitenote_note":"","_monsterinsights_sitenote_category":0,"footnotes":""},"class_list":["post-3","page","type-page","status-publish","hentry"],"aioseo_notices":[],"_links":{"self":[{"href":"https:\/\/lauftrainer-innsbruck.at\/index.php?rest_route=\/wp\/v2\/pages\/3","targetHints":{"allow":["GET"]}}],"collection":[{"href":"https:\/\/lauftrainer-innsbruck.at\/index.php?rest_route=\/wp\/v2\/pages"}],"about":[{"href":"https:\/\/lauftrainer-innsbruck.at\/index.php?rest_route=\/wp\/v2\/types\/page"}],"author":[{"embeddable":true,"href":"https:\/\/lauftrainer-innsbruck.at\/index.php?rest_route=\/wp\/v2\/users\/1"}],"replies":[{"embeddable":true,"href":"https:\/\/lauftrainer-innsbruck.at\/index.php?rest_route=%2Fwp%2Fv2%2Fcomments&post=3"}],"version-history":[{"count":1,"href":"https:\/\/lauftrainer-innsbruck.at\/index.php?rest_route=\/wp\/v2\/pages\/3\/revisions"}],"predecessor-version":[{"id":15,"href":"https:\/\/lauftrainer-innsbruck.at\/index.php?rest_route=\/wp\/v2\/pages\/3\/revisions\/15"}],"wp:attachment":[{"href":"https:\/\/lauftrainer-innsbruck.at\/index.php?rest_route=%2Fwp%2Fv2%2Fmedia&parent=3"}],"curies":[{"name":"wp","href":"https:\/\/api.w.org\/{rel}","templated":true}]}}