{"id":97,"date":"2024-10-17T21:23:54","date_gmt":"2024-10-17T19:23:54","guid":{"rendered":"https:\/\/lauftrainer-innsbruck.at\/?page_id=97"},"modified":"2026-02-07T09:19:52","modified_gmt":"2026-02-07T08:19:52","slug":"leistungen","status":"publish","type":"page","link":"https:\/\/lauftrainer-innsbruck.at\/?page_id=97","title":{"rendered":"Leistungen"},"content":{"rendered":"\n<p class=\"has-text-align-center has-large-font-size\"><strong>Leistungs\u00fcberblick<\/strong><\/p>\n\n\n\n<p class=\"has-text-align-center has-large-font-size\"><strong>Firmenfitness <\/strong><br>Gesunde und zufriedene Mitarbeiter sind das Fundament <br>eines erfolgreichen Unternehmens. <br><br><strong>Lauftraining<\/strong> <strong>&amp; Sportern\u00e4hrung<\/strong><br>Speziell f\u00fcr ambitionierte L\u00e4ufer oder solche, <br>die eingebremst werden m\u00fcssen. \ud83d\ude09<br><strong><br>Vortr\u00e4ge &amp; Workshops<\/strong><br>Wertvolles Wissen, das ihnen hilft, gesundheitsf\u00f6rdernde <br>Gewohnheiten in den Alltag zu integrieren<\/p>\n\n\n\n<p class=\"has-text-align-center has-large-font-size\"><strong>Kinder Lauftraining<\/strong><br>NEU &amp; LIMITIERT<\/p>\n\n\n\n<p><\/p>\n\n\n\n<div class=\"wp-block-group\"><div class=\"wp-block-group__inner-container is-layout-constrained wp-block-group-is-layout-constrained\"><\/div><\/div>\n\n\n\n<div class=\"wp-block-file\"><a id=\"wp-block-file--media-63e5b749-d3d0-49ce-9fa1-35788c3b30d8\" href=\"https:\/\/lauftrainer-innsbruck.at\/wp-content\/uploads\/2024\/10\/Leistungsuebersicht-6.pdf\">Leistungs\u00fcbersicht<\/a><a href=\"https:\/\/lauftrainer-innsbruck.at\/wp-content\/uploads\/2024\/10\/Leistungsuebersicht-6.pdf\" class=\"wp-block-file__button wp-element-button\" download aria-describedby=\"wp-block-file--media-63e5b749-d3d0-49ce-9fa1-35788c3b30d8\">Herunterladen<\/a><\/div>\n\n\n\n<div class=\"wp-block-contact-form-7-contact-form-selector\">\n<div class=\"wpcf7 no-js\" id=\"wpcf7-f30-o1\" lang=\"de-DE\" dir=\"ltr\" data-wpcf7-id=\"30\">\n<div class=\"screen-reader-response\"><p role=\"status\" aria-live=\"polite\" aria-atomic=\"true\"><\/p> <ul><\/ul><\/div>\n<form action=\"\/index.php?rest_route=%2Fwp%2Fv2%2Fpages%2F97#wpcf7-f30-o1\" method=\"post\" class=\"wpcf7-form init\" aria-label=\"Kontaktformular\" novalidate=\"novalidate\" data-status=\"init\">\n<fieldset class=\"hidden-fields-container\"><input type=\"hidden\" name=\"_wpcf7\" value=\"30\" \/><input type=\"hidden\" name=\"_wpcf7_version\" value=\"6.1.5\" \/><input type=\"hidden\" name=\"_wpcf7_locale\" value=\"de_DE\" \/><input type=\"hidden\" name=\"_wpcf7_unit_tag\" value=\"wpcf7-f30-o1\" \/><input type=\"hidden\" name=\"_wpcf7_container_post\" value=\"0\" \/><input type=\"hidden\" name=\"_wpcf7_posted_data_hash\" value=\"\" \/><input type=\"hidden\" name=\"_wpcf7_recaptcha_response\" value=\"\" \/>\n<\/fieldset>\n<p><span class=\"wpcf7-form-control-wrap\" data-name=\"date-268\"><input class=\"wpcf7-form-control wpcf7-date wpcf7-validates-as-date\" aria-invalid=\"false\" value=\"\" type=\"date\" name=\"date-268\" \/><\/span>\n<\/p>\n<p><label> Dein Name<br \/>\n<span class=\"wpcf7-form-control-wrap\" data-name=\"your-name\"><input size=\"40\" maxlength=\"400\" class=\"wpcf7-form-control wpcf7-text wpcf7-validates-as-required\" autocomplete=\"name\" aria-required=\"true\" aria-invalid=\"false\" value=\"\" type=\"text\" name=\"your-name\" \/><\/span> <\/label>\n<\/p>\n<p><label> Deine E-Mail-Adresse<br \/>\n<span class=\"wpcf7-form-control-wrap\" data-name=\"your-email\"><input size=\"40\" maxlength=\"400\" class=\"wpcf7-form-control wpcf7-email wpcf7-validates-as-required wpcf7-text wpcf7-validates-as-email\" autocomplete=\"email\" aria-required=\"true\" aria-invalid=\"false\" value=\"\" type=\"email\" name=\"your-email\" \/><\/span> <\/label>\n<\/p>\n<p><label> Betreff<br \/>\n<span class=\"wpcf7-form-control-wrap\" data-name=\"your-subject\"><input size=\"40\" maxlength=\"400\" class=\"wpcf7-form-control wpcf7-text wpcf7-validates-as-required\" aria-required=\"true\" aria-invalid=\"false\" value=\"\" type=\"text\" name=\"your-subject\" \/><\/span> <\/label>\n<\/p>\n<p><label> Deine Nachricht (optional)<br \/>\n<span class=\"wpcf7-form-control-wrap\" data-name=\"your-message\"><textarea cols=\"40\" rows=\"10\" maxlength=\"2000\" class=\"wpcf7-form-control wpcf7-textarea\" aria-invalid=\"false\" name=\"your-message\"><\/textarea><\/span> <\/label>\n<\/p>\n<p><input class=\"wpcf7-form-control wpcf7-submit has-spinner\" type=\"submit\" value=\"Senden\" \/>\n<\/p><div class=\"wpcf7-response-output\" aria-hidden=\"true\"><\/div>\n<\/form>\n<\/div>\n<\/div>\n\n\n\n<div style=\"height:100px\" aria-hidden=\"true\" class=\"wp-block-spacer\"><\/div>\n\n\n\n<p><\/p>\n","protected":false},"excerpt":{"rendered":"<p>Leistungs\u00fcberblick Firmenfitness Gesunde und zufriedene Mitarbeiter sind das Fundament eines erfolgreichen Unternehmens. Lauftraining &amp; Sportern\u00e4hrungSpeziell f\u00fcr ambitionierte L\u00e4ufer oder solche, die eingebremst werden m\u00fcssen. \ud83d\ude09Vortr\u00e4ge &hellip;<\/p>\n","protected":false},"author":1,"featured_media":0,"parent":0,"menu_order":0,"comment_status":"closed","ping_status":"closed","template":"","meta":{"_monsterinsights_skip_tracking":false,"_monsterinsights_sitenote_active":false,"_monsterinsights_sitenote_note":"","_monsterinsights_sitenote_category":0,"footnotes":""},"class_list":["post-97","page","type-page","status-publish","hentry"],"aioseo_notices":[],"_links":{"self":[{"href":"https:\/\/lauftrainer-innsbruck.at\/index.php?rest_route=\/wp\/v2\/pages\/97","targetHints":{"allow":["GET"]}}],"collection":[{"href":"https:\/\/lauftrainer-innsbruck.at\/index.php?rest_route=\/wp\/v2\/pages"}],"about":[{"href":"https:\/\/lauftrainer-innsbruck.at\/index.php?rest_route=\/wp\/v2\/types\/page"}],"author":[{"embeddable":true,"href":"https:\/\/lauftrainer-innsbruck.at\/index.php?rest_route=\/wp\/v2\/users\/1"}],"replies":[{"embeddable":true,"href":"https:\/\/lauftrainer-innsbruck.at\/index.php?rest_route=%2Fwp%2Fv2%2Fcomments&post=97"}],"version-history":[{"count":18,"href":"https:\/\/lauftrainer-innsbruck.at\/index.php?rest_route=\/wp\/v2\/pages\/97\/revisions"}],"predecessor-version":[{"id":220,"href":"https:\/\/lauftrainer-innsbruck.at\/index.php?rest_route=\/wp\/v2\/pages\/97\/revisions\/220"}],"wp:attachment":[{"href":"https:\/\/lauftrainer-innsbruck.at\/index.php?rest_route=%2Fwp%2Fv2%2Fmedia&parent=97"}],"curies":[{"name":"wp","href":"https:\/\/api.w.org\/{rel}","templated":true}]}}